{"id":5770,"date":"2023-04-10T18:09:57","date_gmt":"2023-04-10T16:09:57","guid":{"rendered":"https:\/\/mozartbike.internet-box.ch\/?page_id=5770"},"modified":"2023-04-10T18:37:09","modified_gmt":"2023-04-10T16:37:09","slug":"documentation-de-voyage-en-groupe-travel-guide","status":"publish","type":"page","link":"https:\/\/mozartbike.internet-box.ch\/?page_id=5770","title":{"rendered":"Documentation de voyage en groupe &#8211; travel guide"},"content":{"rendered":"\n<p>Je mets \u00e0 disposition ici la documentation <strong><a href=\"https:\/\/mozartbike.internet-box.ch\/wp-content\/uploads\/1681\/42\/FICHE-FINAL-A-velo-sur-la-Route-Mozart-en-Suisse-6-avril-23.pdf\">A v\u00e9lo sur la route Mozart en Suisse\u00a9<\/a><\/strong>, r\u00e9dig\u00e9e pour les voyages de classe ou de groupe.<\/p>\n\n\n\n<p>Tous les liens sont actifs &#8211; en principe &#8211; et vous pouvez suivre les itin\u00e9raires sur l&rsquo;application Suissemobile.ch. <\/p>\n\n\n<div class=\"wp-block-image\">\n<figure class=\"aligncenter size-full is-resized\"><img loading=\"lazy\" decoding=\"async\" src=\"https:\/\/mozartbike.internet-box.ch\/wp-content\/uploads\/2023\/04\/Warning.png.jpg\" alt=\"\" class=\"wp-image-5776\" width=\"52\" height=\"43\" srcset=\"https:\/\/mozartbike.internet-box.ch\/wp-content\/uploads\/2023\/04\/Warning.png.jpg 570w, https:\/\/mozartbike.internet-box.ch\/wp-content\/uploads\/2023\/04\/Warning.png-300x250.jpg 300w\" sizes=\"auto, (max-width: 52px) 100vw, 52px\" \/><\/figure>\n<\/div>\n\n\n<p class=\"has-text-align-center\">Tr\u00e8s important, veillez \u00e0 la s\u00e9curit\u00e9 :  voir la <a rel=\"noreferrer noopener\" href=\"http:\/\/tr\u00e8s important\" target=\"_blank\">fiche <\/a><a href=\"https:\/\/www.bfu.ch\/media\/g2yjvhgj\/randonnees-a-velo.pdf\" target=\"_blank\" rel=\"noreferrer noopener\">conseils<\/a><a rel=\"noreferrer noopener\" href=\"http:\/\/tr\u00e8s important\" target=\"_blank\"> du BPA<\/a>.<\/p>\n\n\n<div class=\"wp-block-image\">\n<figure class=\"aligncenter size-large is-resized\"><a href=\"https:\/\/mozartbike.internet-box.ch\/wp-content\/uploads\/1681\/42\/FICHE-FINAL-A-velo-sur-la-Route-Mozart-en-Suisse-6-avril-23.pdf\"><img loading=\"lazy\" decoding=\"async\" src=\"https:\/\/mozartbike.internet-box.ch\/wp-content\/uploads\/2023\/04\/FICHE-FINAL-A-velo-sur-la-Route-Mozart-en-Suisse-6-avril-23-724x1024.jpg\" alt=\"\" class=\"wp-image-5772\" width=\"724\" height=\"1024\" srcset=\"https:\/\/mozartbike.internet-box.ch\/wp-content\/uploads\/2023\/04\/FICHE-FINAL-A-velo-sur-la-Route-Mozart-en-Suisse-6-avril-23-724x1024.jpg 724w, https:\/\/mozartbike.internet-box.ch\/wp-content\/uploads\/2023\/04\/FICHE-FINAL-A-velo-sur-la-Route-Mozart-en-Suisse-6-avril-23-212x300.jpg 212w, https:\/\/mozartbike.internet-box.ch\/wp-content\/uploads\/2023\/04\/FICHE-FINAL-A-velo-sur-la-Route-Mozart-en-Suisse-6-avril-23-768x1086.jpg 768w, https:\/\/mozartbike.internet-box.ch\/wp-content\/uploads\/2023\/04\/FICHE-FINAL-A-velo-sur-la-Route-Mozart-en-Suisse-6-avril-23-1087x1536.jpg 1087w, https:\/\/mozartbike.internet-box.ch\/wp-content\/uploads\/2023\/04\/FICHE-FINAL-A-velo-sur-la-Route-Mozart-en-Suisse-6-avril-23-1449x2048.jpg 1449w, https:\/\/mozartbike.internet-box.ch\/wp-content\/uploads\/2023\/04\/FICHE-FINAL-A-velo-sur-la-Route-Mozart-en-Suisse-6-avril-23-1170x1654.jpg 1170w, https:\/\/mozartbike.internet-box.ch\/wp-content\/uploads\/2023\/04\/FICHE-FINAL-A-velo-sur-la-Route-Mozart-en-Suisse-6-avril-23-scaled.jpg 1811w\" sizes=\"auto, (max-width: 724px) 100vw, 724px\" \/><\/a><figcaption class=\"wp-element-caption\">Cliquer sur l&rsquo;image pour acc\u00e9der \u00e0 l&rsquo;entier du document <em><strong>A v\u00e9lo sur la route Mozart en Suisse<\/strong><\/em>\u00a9<\/figcaption><\/figure>\n<\/div>\n\n\n<p class=\"has-text-align-center has-white-color has-luminous-vivid-orange-background-color has-text-color has-background\">Ce document a \u00e9t\u00e9 r\u00e9alis\u00e9 dans le cadre d\u2019un cong\u00e9 sabbatique octroy\u00e9 par le D\u00e9partement de la formation et de la jeunesse du Canton de Vaud et r\u00e9dig\u00e9 pour le compte de la Cellule Durabilit\u00e9. <\/p>\n\n\n\n<p> <\/p>\n","protected":false},"excerpt":{"rendered":"<p>Je mets \u00e0 disposition ici la documentation A v\u00e9lo sur la route Mozart en Suisse\u00a9, r\u00e9dig\u00e9e pour les voyages de classe ou de groupe. Tous les liens sont actifs &#8211; en principe &#8211; et vous pouvez suivre les itin\u00e9raires sur l&rsquo;application Suissemobile.ch. Tr\u00e8s important, veillez \u00e0 la s\u00e9curit\u00e9 : voir<\/p>\n","protected":false},"author":1,"featured_media":0,"parent":0,"menu_order":0,"comment_status":"closed","ping_status":"closed","template":"","meta":{"footnotes":""},"class_list":["post-5770","page","type-page","status-publish","hentry"],"jetpack_sharing_enabled":true,"_links":{"self":[{"href":"https:\/\/mozartbike.internet-box.ch\/index.php?rest_route=\/wp\/v2\/pages\/5770","targetHints":{"allow":["GET"]}}],"collection":[{"href":"https:\/\/mozartbike.internet-box.ch\/index.php?rest_route=\/wp\/v2\/pages"}],"about":[{"href":"https:\/\/mozartbike.internet-box.ch\/index.php?rest_route=\/wp\/v2\/types\/page"}],"author":[{"embeddable":true,"href":"https:\/\/mozartbike.internet-box.ch\/index.php?rest_route=\/wp\/v2\/users\/1"}],"replies":[{"embeddable":true,"href":"https:\/\/mozartbike.internet-box.ch\/index.php?rest_route=%2Fwp%2Fv2%2Fcomments&post=5770"}],"version-history":[{"count":20,"href":"https:\/\/mozartbike.internet-box.ch\/index.php?rest_route=\/wp\/v2\/pages\/5770\/revisions"}],"predecessor-version":[{"id":5796,"href":"https:\/\/mozartbike.internet-box.ch\/index.php?rest_route=\/wp\/v2\/pages\/5770\/revisions\/5796"}],"wp:attachment":[{"href":"https:\/\/mozartbike.internet-box.ch\/index.php?rest_route=%2Fwp%2Fv2%2Fmedia&parent=5770"}],"curies":[{"name":"wp","href":"https:\/\/api.w.org\/{rel}","templated":true}]}}