{"id":497,"date":"2022-05-28T14:09:32","date_gmt":"2022-05-28T12:09:32","guid":{"rendered":"https:\/\/mozartbike.internet-box.ch\/?page_id=497"},"modified":"2022-05-29T17:04:34","modified_gmt":"2022-05-29T15:04:34","slug":"unterkunft-begegnungen-und-kontakte","status":"publish","type":"page","link":"https:\/\/mozartbike.internet-box.ch\/?page_id=497","title":{"rendered":"Unterkunft, Begegnungen und Kontakte"},"content":{"rendered":"\n<p>Auf diesem symbolischen Faden des Mozartweg zwischen Lausanne und Schaffhausen, freue ich  mich auch sehr, einige von Ihnen zu treffen.<\/p>\n\n\n\n<p>Kontaktieren Sie mich, damit wir zusammen einen Besuch in Ihrer Region organisieren k\u00f6nnen.<\/p>\n\n\n\n<p>\u00dcbrigens suche ich auch, soweit dies m\u00f6glich ist, nach Unterk\u00fcnften bei Privaten.<\/p>\n\n\n\n<p>Schlie\u00dflich, wenn Sie Bekannte haben, die mich auf dem Rest der Reise, und sogar in Wien, treffen oder unterbringen k\u00f6nnten, bin ich nat\u00fcrlich sehr interessiert.<\/p>\n\n\n\n<p class=\"has-text-align-center\"><a href=\"mailto:ifavrepralong@bluewin.ch\">ifavrepralong@bluewin.ch<\/a><\/p>\n\n\n\n<p class=\"has-text-align-center\">079 583 01 45<\/p>\n\n\n\n<p>En tirant un fil symbolique de Lausanne \u00e0 Schaffhouse puis jusqu&rsquo;\u00e0 Vienne, mon projet est \u00e9videmment aussi de faire des rencontres dans les diff\u00e9rentes r\u00e9gions.<\/p>\n\n\n\n<p>Il est vrai que la partie francophone sera courte, mais je serais tr\u00e8s heureuse de rencontrer certains d\u2019entre vous sur mon chemin. Vous pouvez aussi me rejoindre en route.<\/p>\n\n\n\n<p>D\u2019ailleurs, je cherche aussi \u00e0 loger chez l\u2019habitant et, si vous connaissez des possibilit\u00e9s de rencontre et d&rsquo;h\u00e9bergement, ou simplement de contact, sur l&rsquo;ensemble du trajet et notamment \u00e0 Vienne, n\u2019h\u00e9sitez pas \u00e0 m\u2019en informer. Cela enrichira mon voyage.<\/p>\n\n\n<div class=\"wp-block-image\">\n<figure class=\"aligncenter size-full\"><img loading=\"lazy\" decoding=\"async\" width=\"327\" height=\"367\" src=\"https:\/\/mozartbike.internet-box.ch\/wp-content\/uploads\/2022\/05\/Fil-d-ariane.jpg\" alt=\"\" class=\"wp-image-506\" srcset=\"https:\/\/mozartbike.internet-box.ch\/wp-content\/uploads\/2022\/05\/Fil-d-ariane.jpg 327w, https:\/\/mozartbike.internet-box.ch\/wp-content\/uploads\/2022\/05\/Fil-d-ariane-267x300.jpg 267w\" sizes=\"auto, (max-width: 327px) 100vw, 327px\" \/><\/figure>\n<\/div>","protected":false},"excerpt":{"rendered":"<p>Auf diesem symbolischen Faden des Mozartweg zwischen Lausanne und Schaffhausen, freue ich mich auch sehr, einige von Ihnen zu treffen. Kontaktieren Sie mich, damit wir zusammen einen Besuch in Ihrer Region organisieren k\u00f6nnen. \u00dcbrigens suche ich auch, soweit dies m\u00f6glich ist, nach Unterk\u00fcnften bei Privaten. Schlie\u00dflich, wenn Sie Bekannte haben,<\/p>\n","protected":false},"author":1,"featured_media":0,"parent":0,"menu_order":0,"comment_status":"closed","ping_status":"closed","template":"","meta":{"footnotes":""},"class_list":["post-497","page","type-page","status-publish","hentry"],"jetpack_sharing_enabled":true,"_links":{"self":[{"href":"https:\/\/mozartbike.internet-box.ch\/index.php?rest_route=\/wp\/v2\/pages\/497","targetHints":{"allow":["GET"]}}],"collection":[{"href":"https:\/\/mozartbike.internet-box.ch\/index.php?rest_route=\/wp\/v2\/pages"}],"about":[{"href":"https:\/\/mozartbike.internet-box.ch\/index.php?rest_route=\/wp\/v2\/types\/page"}],"author":[{"embeddable":true,"href":"https:\/\/mozartbike.internet-box.ch\/index.php?rest_route=\/wp\/v2\/users\/1"}],"replies":[{"embeddable":true,"href":"https:\/\/mozartbike.internet-box.ch\/index.php?rest_route=%2Fwp%2Fv2%2Fcomments&post=497"}],"version-history":[{"count":13,"href":"https:\/\/mozartbike.internet-box.ch\/index.php?rest_route=\/wp\/v2\/pages\/497\/revisions"}],"predecessor-version":[{"id":522,"href":"https:\/\/mozartbike.internet-box.ch\/index.php?rest_route=\/wp\/v2\/pages\/497\/revisions\/522"}],"wp:attachment":[{"href":"https:\/\/mozartbike.internet-box.ch\/index.php?rest_route=%2Fwp%2Fv2%2Fmedia&parent=497"}],"curies":[{"name":"wp","href":"https:\/\/api.w.org\/{rel}","templated":true}]}}