{"id":2,"date":"2022-04-20T15:22:57","date_gmt":"2022-04-20T13:22:57","guid":{"rendered":"http:\/\/mozartbike.internet-box.ch\/?page_id=2"},"modified":"2022-05-24T23:17:23","modified_gmt":"2022-05-24T21:17:23","slug":"page-d-exemple","status":"publish","type":"page","link":"https:\/\/mozartbike.internet-box.ch\/?page_id=2","title":{"rendered":"Suivre Mozart, une \u00e9ducation de la mobilit\u00e9"},"content":{"rendered":"\n<blockquote class=\"wp-block-quote has-text-align-center is-style-default is-layout-flow wp-block-quote-is-layout-flow\"><p>\u00ab&nbsp;Si fatigants que furent ces voyages, ils eurent sans doute une influence consid\u00e9rable sur la carri\u00e8re de Mozart.&nbsp;Il y avait des heures pass\u00e9es dans la berline, cahot\u00e9s comme des saltimbanques sur les mauvais chemins, mais cette \u00ab <em>\u00e9ducation de la mobilit\u00e9<\/em> \u00bb \u00e9tait l&rsquo;occasion pour L\u00e9opold de faire d\u00e9couvrir \u00e0 ses enfants des pays inconnus, de les familiariser avec de nouvelles langues, de nouvelles habitudes.&nbsp;\u00bb<\/p><cite>Bernard Lechevalier, <em>Le cerveau de Mozart<\/em>, p. 224<\/cite><\/blockquote>\n\n\n\n<p id=\"block-4b033048-6e0f-48d4-b6ff-60b26ff19182\">Au 18<sup>e<\/sup> si\u00e8cle, les voyageurs \u00e9taient pour la plupart des nobles, des diplomates, des scientifiques, des artistes et des artisans. Des femmes ont \u00e9galement voyag\u00e9 et, parmi elles, la m\u00e8re de Mozart, Anna Maria, et sa s\u0153ur Nannerl.<\/p>\n\n\n\n<p>Le but de ces voyages d&rsquo;\u00e9tudes \u00e9tait d&rsquo;obtenir une \u00e9ducation et une formation, d&rsquo;\u00e9tablir des contacts avec d&rsquo;autres chercheurs &#8211; dans le cas des Mozart avec des musiciens et des musicologues &#8211; pour d\u00e9couvrir d&rsquo;autres \u00e9coles de pens\u00e9e et \u00e9changer des exp\u00e9riences acad\u00e9miques.<\/p>\n\n\n\n<p>Bien s\u00fbr, voyager au 18\u00e8me si\u00e8cle \u00e9tait dangereux et les routes rudimentaires rendaient les trajets p\u00e9nibles et fatigants. La distance entre deux \u00e9tapes s&rsquo;\u00e9tendait \u00e0 env. 25 km et la vitesse de d\u00e9placement d\u00e9pendait de l&rsquo;\u00e9tat des voies, du terrain, de la saison et de la m\u00e9t\u00e9o. Une voiture parcourait entre 5,5 et 7,5 km par heure, ce qui signifiait que chaque \u00e9tape durait de 3,5 \u00e0 4,5 heures. L&rsquo;\u00e9change de chevaux dans les postes prenait souvent jusqu&rsquo;\u00e0 deux heures. Pour parcourir l&rsquo;itin\u00e9raire Salzbourg-Munich \u00e0 cette \u00e9poque, il fallait pr\u00e9voir deux jours. <\/p>\n\n\n\n<p>Voyager \u00e0 v\u00e9lo sur les traces de Mozart se rapproche donc grandement des buts et des conditions de voyage qu\u2019a connues l\u2019enfant prodige. Sans oublier que la famille Mozart, partie de Salzbourg le 6 juin 1763 pour courir l\u2019Europe occidentale durant presque 3 ans et demi, a connu des \u00e9preuves, des maladies et des changements radicaux apport\u00e9s par les Lumi\u00e8res, sans doute comparables \u00e0 ceux que nous avons v\u00e9cus ces derni\u00e8res ann\u00e9es avec le COVID. <\/p>\n\n\n\n<p><\/p>\n","protected":false},"excerpt":{"rendered":"<p>\u00ab&nbsp;Si fatigants que furent ces voyages, ils eurent sans doute une influence consid\u00e9rable sur la carri\u00e8re de Mozart.&nbsp;Il y avait des heures pass\u00e9es dans la berline, cahot\u00e9s comme des saltimbanques sur les mauvais chemins, mais cette \u00ab \u00e9ducation de la mobilit\u00e9 \u00bb \u00e9tait l&rsquo;occasion pour L\u00e9opold de faire d\u00e9couvrir \u00e0<\/p>\n","protected":false},"author":1,"featured_media":178,"parent":18,"menu_order":0,"comment_status":"closed","ping_status":"open","template":"","meta":{"footnotes":""},"class_list":["post-2","page","type-page","status-publish","has-post-thumbnail","hentry"],"jetpack_sharing_enabled":true,"_links":{"self":[{"href":"https:\/\/mozartbike.internet-box.ch\/index.php?rest_route=\/wp\/v2\/pages\/2","targetHints":{"allow":["GET"]}}],"collection":[{"href":"https:\/\/mozartbike.internet-box.ch\/index.php?rest_route=\/wp\/v2\/pages"}],"about":[{"href":"https:\/\/mozartbike.internet-box.ch\/index.php?rest_route=\/wp\/v2\/types\/page"}],"author":[{"embeddable":true,"href":"https:\/\/mozartbike.internet-box.ch\/index.php?rest_route=\/wp\/v2\/users\/1"}],"replies":[{"embeddable":true,"href":"https:\/\/mozartbike.internet-box.ch\/index.php?rest_route=%2Fwp%2Fv2%2Fcomments&post=2"}],"version-history":[{"count":17,"href":"https:\/\/mozartbike.internet-box.ch\/index.php?rest_route=\/wp\/v2\/pages\/2\/revisions"}],"predecessor-version":[{"id":495,"href":"https:\/\/mozartbike.internet-box.ch\/index.php?rest_route=\/wp\/v2\/pages\/2\/revisions\/495"}],"up":[{"embeddable":true,"href":"https:\/\/mozartbike.internet-box.ch\/index.php?rest_route=\/wp\/v2\/pages\/18"}],"wp:featuredmedia":[{"embeddable":true,"href":"https:\/\/mozartbike.internet-box.ch\/index.php?rest_route=\/wp\/v2\/media\/178"}],"wp:attachment":[{"href":"https:\/\/mozartbike.internet-box.ch\/index.php?rest_route=%2Fwp%2Fv2%2Fmedia&parent=2"}],"curies":[{"name":"wp","href":"https:\/\/api.w.org\/{rel}","templated":true}]}}